{"id":124,"date":"2019-10-28T12:07:21","date_gmt":"2019-10-28T11:07:21","guid":{"rendered":"http:\/\/progetti.belluzzifioravanti.it\/belinux\/?page_id=124"},"modified":"2019-10-28T14:43:40","modified_gmt":"2019-10-28T13:43:40","slug":"il-progetto-didattico","status":"publish","type":"page","link":"https:\/\/progetti.belluzzifioravanti.it\/belinux\/il-progetto-didattico\/","title":{"rendered":"Il progetto didattico"},"content":{"rendered":"<div id=\"fb-root\"><\/div>\n<p>L\u2019obiettivo di questo progetto \u00e8 ideare e realizzare con tecnologie Open Source, una piattaforma software, un sistema operativo, di Istituto che consenta la pluralit\u00e0 delle scelte didattiche e l\u2019utilizzo di software libero.<\/p>\n<p>\u00c8 un progetto che nasce da un&#8217;idea dei nostri allievi, voluto e sviluppato negli anni dall&#8217;attivit\u00e0 dei nostri allievi e coordinato da un gruppo di insegnanti.<\/p>\n<p>L&#8217;ambito Open Source, oltre all\u2019utilizzo del sistema operativo beLinux, riguarda anche l\u2019utilizzo di applicativi. Ci\u00f2 significa, non solo poter utilizzare un sistema operativo complementare a Windows, ma anche utilizzare su Windows programmi free, cio\u00e8 di libero utilizzo e libera implementazione.<\/p>\n<p>La novit\u00e0 di quest&#8217;anno, rispetto al percorso gi\u00e0 iniziato dagli allievi e dal gruppo Open Source, \u00e8 quella di offrire, nelle aule e negli spazi comuni, alcuni personal computer con entrambe le soluzioni, quindi sia Windows sia Linux.<br \/>\nQuesti computer, che chiameremo computer \u201ccol bollino\u201d\/\u201dcol pinguino\u201d, avranno la caratteristica di avere due dischi e quindi daranno la possibilit\u00e0 all&#8217;utente di scegliere ad ogni riavvio se utilizzare Windows o il sistema operativo sviluppato dai ragazzi, beLinux. Tali PC saranno immediatamente riconoscibili perch\u00e9 recanti un \u201cbollino\u201d adesivo, appositamente realizzato.<\/p>\n<p>Oltre alla curiosit\u00e0 che speriamo di generare nei colleghi per l\u2019uso del sistema operativo complementare, l\u2019utilizzo e il feedback di questo sistema aiuter\u00e0 i ragazzi e gli insegnanti che lavorano con loro a migliorare il sistema beLinux, per renderlo sempre pi\u00f9 fruibile e pi\u00f9 patrimonio della nostra scuola.<\/p>\n<p>Allo stesso tempo il gruppo di lavoro Open Source si far\u00e0 carico di proporre o di ascoltare richieste di colleghi insegnanti, ma anche dei Rappresentanti degli allievi che vorranno utilizzare, sia in ambito scolastico sia in quello domestico, soluzioni OpenSource.<\/p>\n","protected":false},"excerpt":{"rendered":"<p>L\u2019obiettivo di questo progetto \u00e8 ideare e realizzare con tecnologie Open Source, una piattaforma software, un sistema operativo, di Istituto che consenta la pluralit\u00e0 delle scelte didattiche e l\u2019utilizzo di software libero. \u00c8 un progetto che nasce da un&#8217;idea dei nostri allievi, voluto e sviluppato negli anni dall&#8217;attivit\u00e0 dei nostri allievi e coordinato da un &#8230; <a title=\"Il progetto didattico\" class=\"read-more\" href=\"https:\/\/progetti.belluzzifioravanti.it\/belinux\/il-progetto-didattico\/\" aria-label=\"Per saperne di pi\u00f9 su Il progetto didattico\">Leggi tutto<\/a><\/p>\n","protected":false},"author":1,"featured_media":0,"parent":0,"menu_order":0,"comment_status":"closed","ping_status":"closed","template":"","meta":[],"categories":[],"tags":[],"yoast_head":"<!-- This site is optimized with the Yoast SEO plugin v16.4 - https:\/\/yoast.com\/wordpress\/plugins\/seo\/ -->\n<title>Il progetto didattico - beLinux<\/title>\n<meta name=\"robots\" content=\"index, follow, max-snippet:-1, max-image-preview:large, max-video-preview:-1\" \/>\n<link rel=\"canonical\" href=\"https:\/\/progetti.belluzzifioravanti.it\/belinux\/il-progetto-didattico\/\" \/>\n<meta property=\"og:locale\" content=\"it_IT\" \/>\n<meta property=\"og:type\" content=\"article\" \/>\n<meta property=\"og:title\" content=\"Il progetto didattico - beLinux\" \/>\n<meta property=\"og:description\" content=\"L\u2019obiettivo di questo progetto \u00e8 ideare e realizzare con tecnologie Open Source, una piattaforma software, un sistema operativo, di Istituto che consenta la pluralit\u00e0 delle scelte didattiche e l\u2019utilizzo di software libero. \u00c8 un progetto che nasce da un&#8217;idea dei nostri allievi, voluto e sviluppato negli anni dall&#8217;attivit\u00e0 dei nostri allievi e coordinato da un ... Leggi tutto\" \/>\n<meta property=\"og:url\" content=\"https:\/\/progetti.belluzzifioravanti.it\/belinux\/il-progetto-didattico\/\" \/>\n<meta property=\"og:site_name\" content=\"beLinux\" \/>\n<meta property=\"article:modified_time\" content=\"2019-10-28T13:43:40+00:00\" \/>\n<meta name=\"twitter:card\" content=\"summary_large_image\" \/>\n<meta name=\"twitter:label1\" content=\"Tempo di lettura stimato\" \/>\n\t<meta name=\"twitter:data1\" content=\"1 minuto\" \/>\n<script type=\"application\/ld+json\" class=\"yoast-schema-graph\">{\"@context\":\"https:\/\/schema.org\",\"@graph\":[{\"@type\":\"WebSite\",\"@id\":\"https:\/\/progetti.belluzzifioravanti.it\/belinux\/#website\",\"url\":\"https:\/\/progetti.belluzzifioravanti.it\/belinux\/\",\"name\":\"beLinux\",\"description\":\"La distribuzione di chi si sente Linux !\",\"potentialAction\":[{\"@type\":\"SearchAction\",\"target\":\"https:\/\/progetti.belluzzifioravanti.it\/belinux\/?s={search_term_string}\",\"query-input\":\"required name=search_term_string\"}],\"inLanguage\":\"it-IT\"},{\"@type\":\"WebPage\",\"@id\":\"https:\/\/progetti.belluzzifioravanti.it\/belinux\/il-progetto-didattico\/#webpage\",\"url\":\"https:\/\/progetti.belluzzifioravanti.it\/belinux\/il-progetto-didattico\/\",\"name\":\"Il progetto didattico - beLinux\",\"isPartOf\":{\"@id\":\"https:\/\/progetti.belluzzifioravanti.it\/belinux\/#website\"},\"datePublished\":\"2019-10-28T11:07:21+00:00\",\"dateModified\":\"2019-10-28T13:43:40+00:00\",\"breadcrumb\":{\"@id\":\"https:\/\/progetti.belluzzifioravanti.it\/belinux\/il-progetto-didattico\/#breadcrumb\"},\"inLanguage\":\"it-IT\",\"potentialAction\":[{\"@type\":\"ReadAction\",\"target\":[\"https:\/\/progetti.belluzzifioravanti.it\/belinux\/il-progetto-didattico\/\"]}]},{\"@type\":\"BreadcrumbList\",\"@id\":\"https:\/\/progetti.belluzzifioravanti.it\/belinux\/il-progetto-didattico\/#breadcrumb\",\"itemListElement\":[{\"@type\":\"ListItem\",\"position\":1,\"item\":{\"@type\":\"WebPage\",\"@id\":\"https:\/\/progetti.belluzzifioravanti.it\/belinux\/\",\"url\":\"https:\/\/progetti.belluzzifioravanti.it\/belinux\/\",\"name\":\"Home\"}},{\"@type\":\"ListItem\",\"position\":2,\"item\":{\"@id\":\"https:\/\/progetti.belluzzifioravanti.it\/belinux\/il-progetto-didattico\/#webpage\"}}]}]}<\/script>\n<!-- \/ Yoast SEO plugin. -->","_links":{"self":[{"href":"https:\/\/progetti.belluzzifioravanti.it\/belinux\/wp-json\/wp\/v2\/pages\/124"}],"collection":[{"href":"https:\/\/progetti.belluzzifioravanti.it\/belinux\/wp-json\/wp\/v2\/pages"}],"about":[{"href":"https:\/\/progetti.belluzzifioravanti.it\/belinux\/wp-json\/wp\/v2\/types\/page"}],"author":[{"embeddable":true,"href":"https:\/\/progetti.belluzzifioravanti.it\/belinux\/wp-json\/wp\/v2\/users\/1"}],"replies":[{"embeddable":true,"href":"https:\/\/progetti.belluzzifioravanti.it\/belinux\/wp-json\/wp\/v2\/comments?post=124"}],"version-history":[{"count":2,"href":"https:\/\/progetti.belluzzifioravanti.it\/belinux\/wp-json\/wp\/v2\/pages\/124\/revisions"}],"predecessor-version":[{"id":127,"href":"https:\/\/progetti.belluzzifioravanti.it\/belinux\/wp-json\/wp\/v2\/pages\/124\/revisions\/127"}],"wp:attachment":[{"href":"https:\/\/progetti.belluzzifioravanti.it\/belinux\/wp-json\/wp\/v2\/media?parent=124"}],"wp:term":[{"taxonomy":"category","embeddable":true,"href":"https:\/\/progetti.belluzzifioravanti.it\/belinux\/wp-json\/wp\/v2\/categories?post=124"},{"taxonomy":"post_tag","embeddable":true,"href":"https:\/\/progetti.belluzzifioravanti.it\/belinux\/wp-json\/wp\/v2\/tags?post=124"}],"curies":[{"name":"wp","href":"https:\/\/api.w.org\/{rel}","templated":true}]}}